{"id":1571,"date":"2024-09-09T13:25:24","date_gmt":"2024-09-09T13:25:24","guid":{"rendered":"https:\/\/axfinancials.com\/widget-des-taux-croises-forex\/"},"modified":"2025-02-06T13:02:01","modified_gmt":"2025-02-06T13:02:01","slug":"widget-des-taux-croises-forex","status":"publish","type":"page","link":"https:\/\/axfinancials.com\/fr\/widget-des-taux-croises-forex\/","title":{"rendered":"Widget des taux crois\u00e9s Forex"},"content":{"rendered":"\t\t<div data-elementor-type=\"wp-page\" data-elementor-id=\"1571\" class=\"elementor elementor-1571 elementor-496\" data-elementor-post-type=\"page\">\n\t\t\t\t<div class=\"elementor-element elementor-element-a94ed30 e-flex e-con-boxed e-con e-parent\" data-id=\"a94ed30\" data-element_type=\"container\" data-e-type=\"container\" data-settings=\"{&quot;background_background&quot;:&quot;classic&quot;}\">\n\t\t\t\t\t<div class=\"e-con-inner\">\n\t\t\t\t<div class=\"elementor-element elementor-element-44cef6b elementor-widget elementor-widget-image\" data-id=\"44cef6b\" data-element_type=\"widget\" data-e-type=\"widget\" data-widget_type=\"image.default\">\n\t\t\t\t<div class=\"elementor-widget-container\">\n\t\t\t\t\t\t\t\t\t\t\t\t\t\t\t<img loading=\"lazy\" decoding=\"async\" width=\"657\" height=\"145\" src=\"https:\/\/axfinancials.com\/wp-content\/uploads\/2024\/09\/Asset-1.svg\" class=\"attachment-large size-large wp-image-223\" alt=\"\" \/>\t\t\t\t\t\t\t\t\t\t\t\t\t\t\t<\/div>\n\t\t\t\t<\/div>\n\t\t\t\t<div class=\"elementor-element elementor-element-0877009 elementor-widget elementor-widget-heading\" data-id=\"0877009\" data-element_type=\"widget\" data-e-type=\"widget\" data-widget_type=\"heading.default\">\n\t\t\t\t<div class=\"elementor-widget-container\">\n\t\t\t\t\t<h2 class=\"elementor-heading-title elementor-size-default\">Widget des taux crois\u00e9s Forex<\/h2>\t\t\t\t<\/div>\n\t\t\t\t<\/div>\n\t\t\t\t\t<\/div>\n\t\t\t\t<\/div>\n\t\t<div class=\"elementor-element elementor-element-7cfd62f e-flex e-con-boxed e-con e-parent\" data-id=\"7cfd62f\" data-element_type=\"container\" data-e-type=\"container\">\n\t\t\t\t\t<div class=\"e-con-inner\">\n\t\t<div class=\"elementor-element elementor-element-1c2426d e-con-full e-flex e-con e-child\" data-id=\"1c2426d\" data-element_type=\"container\" data-e-type=\"container\">\n\t\t\t\t<div class=\"elementor-element elementor-element-cf0ac65 elementor-widget elementor-widget-html\" data-id=\"cf0ac65\" data-element_type=\"widget\" data-e-type=\"widget\" data-widget_type=\"html.default\">\n\t\t\t\t<div class=\"elementor-widget-container\">\n\t\t\t\t\t<!-- TradingView Widget BEGIN -->\n<div class=\"tradingview-widget-container\">\n  <div class=\"tradingview-widget-container__widget\"><\/div>\n\n  <script type=\"text\/javascript\" src=\"https:\/\/s3.tradingview.com\/external-embedding\/embed-widget-forex-cross-rates.js\" async=\"\">\n  {\n  \"width\": \"100%\",\n  \"height\": \"600\",\n  \"currencies\": [\n    \"EUR\",\n    \"USD\",\n    \"JPY\",\n    \"GBP\",\n    \"CHF\",\n    \"AUD\",\n    \"CAD\",\n    \"NZD\",\n    \"CNY\",\n    \"TRY\",\n    \"SEK\",\n    \"NOK\",\n    \"DKK\",\n    \"ZAR\",\n    \"HKD\",\n    \"SGD\",\n    \"THB\",\n    \"MXN\",\n    \"IDR\",\n    \"KRW\",\n    \"PLN\",\n    \"ISK\",\n    \"KWD\",\n    \"PHP\",\n    \"MYR\",\n    \"INR\",\n    \"TWD\"\n  ],\n  \"isTransparent\": false,\n  \"colorTheme\": \"light\",\n  \"locale\": \"en\",\n  \"backgroundColor\": \"#ffffff\"\n}\n  <\/script>\n<\/div>\n<!-- TradingView Widget END -->\t\t\t\t<\/div>\n\t\t\t\t<\/div>\n\t\t\t\t<\/div>\n\t\t\t\t\t<\/div>\n\t\t\t\t<\/div>\n\t\t<div class=\"elementor-element elementor-element-28e3fa2 e-flex e-con-boxed e-con e-parent\" data-id=\"28e3fa2\" data-element_type=\"container\" data-e-type=\"container\">\n\t\t\t\t\t<div class=\"e-con-inner\">\n\t\t\t\t<div class=\"elementor-element elementor-element-ae8c554 elementor-widget elementor-widget-template\" data-id=\"ae8c554\" data-element_type=\"widget\" data-e-type=\"widget\" data-widget_type=\"template.default\">\n\t\t\t\t<div class=\"elementor-widget-container\">\n\t\t\t\t\t\t\t<div class=\"elementor-template\">\n\t\t\t\t\t<div data-elementor-type=\"section\" data-elementor-id=\"1651\" class=\"elementor elementor-1651 elementor-282\" data-elementor-post-type=\"elementor_library\">\n\t\t\t<div class=\"elementor-element elementor-element-c9bf1ff e-flex e-con-boxed e-con e-parent\" data-id=\"c9bf1ff\" data-element_type=\"container\" data-e-type=\"container\">\n\t\t\t\t\t<div class=\"e-con-inner\">\n\t\t<div class=\"elementor-element elementor-element-05d34ab e-con-full e-flex e-con e-child\" data-id=\"05d34ab\" data-element_type=\"container\" data-e-type=\"container\" data-settings=\"{&quot;background_background&quot;:&quot;classic&quot;}\">\n\t\t\t\t<div class=\"elementor-element elementor-element-36e021f elementor-widget elementor-widget-heading\" data-id=\"36e021f\" data-element_type=\"widget\" data-e-type=\"widget\" data-widget_type=\"heading.default\">\n\t\t\t\t<div class=\"elementor-widget-container\">\n\t\t\t\t\t<h2 class=\"elementor-heading-title elementor-size-default\">S\u00c9LECTION DE PRODUITS\n<\/h2>\t\t\t\t<\/div>\n\t\t\t\t<\/div>\n\t\t\t\t<div class=\"elementor-element elementor-element-e2068da elementor-widget elementor-widget-heading\" data-id=\"e2068da\" data-element_type=\"widget\" data-e-type=\"widget\" data-widget_type=\"heading.default\">\n\t\t\t\t<div class=\"elementor-widget-container\">\n\t\t\t\t\t<p class=\"elementor-heading-title elementor-size-default\">Consultez notre liste de produits personnalis\u00e9s<\/p>\t\t\t\t<\/div>\n\t\t\t\t<\/div>\n\t\t\t\t<div class=\"elementor-element elementor-element-6fd4fd7 elementor-position-inline-end elementor-widget__width-initial elementor-mobile-position-inline-start elementor-view-default elementor-widget elementor-widget-icon-box\" data-id=\"6fd4fd7\" data-element_type=\"widget\" data-e-type=\"widget\" data-widget_type=\"icon-box.default\">\n\t\t\t\t<div class=\"elementor-widget-container\">\n\t\t\t\t\t\t\t<div class=\"elementor-icon-box-wrapper\">\n\n\t\t\t\t\t\t<div class=\"elementor-icon-box-icon\">\n\t\t\t\t<a href=\"https:\/\/axfinancials.com\/fr\/axanalytics\/\" class=\"elementor-icon\" tabindex=\"-1\" aria-label=\"Fiches produits\">\n\t\t\t\t<svg xmlns=\"http:\/\/www.w3.org\/2000\/svg\" width=\"50\" height=\"16\" viewBox=\"0 0 50 16\" fill=\"none\"><path d=\"M49.7071 8.70711C50.0976 8.31658 50.0976 7.68342 49.7071 7.29289L43.3431 0.928932C42.9526 0.538408 42.3195 0.538408 41.9289 0.928932C41.5384 1.31946 41.5384 1.95262 41.9289 2.34315L47.5858 8L41.9289 13.6569C41.5384 14.0474 41.5384 14.6805 41.9289 15.0711C42.3195 15.4616 42.9526 15.4616 43.3431 15.0711L49.7071 8.70711ZM0 9H49V7H0V9Z\" fill=\"#ED1C24\"><\/path><\/svg>\t\t\t\t<\/a>\n\t\t\t<\/div>\n\t\t\t\n\t\t\t\t\t\t<div class=\"elementor-icon-box-content\">\n\n\t\t\t\t\t\t\t\t\t<h3 class=\"elementor-icon-box-title\">\n\t\t\t\t\t\t<a href=\"https:\/\/axfinancials.com\/fr\/axanalytics\/\" >\n\t\t\t\t\t\t\tFiches produits\t\t\t\t\t\t<\/a>\n\t\t\t\t\t<\/h3>\n\t\t\t\t\n\t\t\t\t\n\t\t\t<\/div>\n\t\t\t\n\t\t<\/div>\n\t\t\t\t\t\t<\/div>\n\t\t\t\t<\/div>\n\t\t\t\t<\/div>\n\t\t<div class=\"elementor-element elementor-element-9c8be42 e-con-full e-flex e-con e-child\" data-id=\"9c8be42\" data-element_type=\"container\" data-e-type=\"container\" data-settings=\"{&quot;background_background&quot;:&quot;classic&quot;}\">\n\t\t\t\t<div class=\"elementor-element elementor-element-e0adc22 elementor-widget elementor-widget-heading\" data-id=\"e0adc22\" data-element_type=\"widget\" data-e-type=\"widget\" data-widget_type=\"heading.default\">\n\t\t\t\t<div class=\"elementor-widget-container\">\n\t\t\t\t\t<h2 class=\"elementor-heading-title elementor-size-default\">CALENDRIER \u00c9CONOMIQUE<\/h2>\t\t\t\t<\/div>\n\t\t\t\t<\/div>\n\t\t\t\t<div class=\"elementor-element elementor-element-f8a95b0 elementor-widget__width-initial elementor-widget elementor-widget-heading\" data-id=\"f8a95b0\" data-element_type=\"widget\" data-e-type=\"widget\" data-widget_type=\"heading.default\">\n\t\t\t\t<div class=\"elementor-widget-container\">\n\t\t\t\t\t<p class=\"elementor-heading-title elementor-size-default\">Obtenez les r\u00e9sultats des \u00e9v\u00e9nements du calendrier \u00e9conomique en temps r\u00e9el. . Notre calendrier \u00e9conomique \u00e0 mise \u00e0 jour rapide couvre tous les \u00e9v\u00e9nements et communiqu\u00e9s importants. <\/p>\t\t\t\t<\/div>\n\t\t\t\t<\/div>\n\t\t\t\t<div class=\"elementor-element elementor-element-9cdcdb0 elementor-position-inline-end elementor-widget__width-initial elementor-mobile-position-inline-start elementor-view-default elementor-widget elementor-widget-icon-box\" data-id=\"9cdcdb0\" data-element_type=\"widget\" data-e-type=\"widget\" data-widget_type=\"icon-box.default\">\n\t\t\t\t<div class=\"elementor-widget-container\">\n\t\t\t\t\t\t\t<div class=\"elementor-icon-box-wrapper\">\n\n\t\t\t\t\t\t<div class=\"elementor-icon-box-icon\">\n\t\t\t\t<a href=\"https:\/\/axfinancials.com\/fr\/calendrier-economique\/\" class=\"elementor-icon\" tabindex=\"-1\" aria-label=\"Fiches produits\">\n\t\t\t\t<svg xmlns=\"http:\/\/www.w3.org\/2000\/svg\" width=\"50\" height=\"16\" viewBox=\"0 0 50 16\" fill=\"none\"><path d=\"M49.7071 8.70711C50.0976 8.31658 50.0976 7.68342 49.7071 7.29289L43.3431 0.928932C42.9526 0.538408 42.3195 0.538408 41.9289 0.928932C41.5384 1.31946 41.5384 1.95262 41.9289 2.34315L47.5858 8L41.9289 13.6569C41.5384 14.0474 41.5384 14.6805 41.9289 15.0711C42.3195 15.4616 42.9526 15.4616 43.3431 15.0711L49.7071 8.70711ZM0 9H49V7H0V9Z\" fill=\"white\"><\/path><\/svg>\t\t\t\t<\/a>\n\t\t\t<\/div>\n\t\t\t\n\t\t\t\t\t\t<div class=\"elementor-icon-box-content\">\n\n\t\t\t\t\t\t\t\t\t<h3 class=\"elementor-icon-box-title\">\n\t\t\t\t\t\t<a href=\"https:\/\/axfinancials.com\/fr\/calendrier-economique\/\" >\n\t\t\t\t\t\t\tFiches produits\t\t\t\t\t\t<\/a>\n\t\t\t\t\t<\/h3>\n\t\t\t\t\n\t\t\t\t\n\t\t\t<\/div>\n\t\t\t\n\t\t<\/div>\n\t\t\t\t\t\t<\/div>\n\t\t\t\t<\/div>\n\t\t\t\t<div class=\"elementor-element elementor-element-ec68a31 elementor-widget elementor-widget-image\" data-id=\"ec68a31\" data-element_type=\"widget\" data-e-type=\"widget\" data-widget_type=\"image.default\">\n\t\t\t\t<div class=\"elementor-widget-container\">\n\t\t\t\t\t\t\t\t\t\t\t\t\t\t\t<img loading=\"lazy\" decoding=\"async\" width=\"300\" height=\"300\" src=\"https:\/\/axfinancials.com\/wp-content\/uploads\/2024\/09\/ec-1-1-300x300.png\" class=\"attachment-medium size-medium wp-image-86\" alt=\"\" srcset=\"https:\/\/axfinancials.com\/wp-content\/uploads\/2024\/09\/ec-1-1-300x300.png 300w, https:\/\/axfinancials.com\/wp-content\/uploads\/2024\/09\/ec-1-1-1024x1024.png 1024w, https:\/\/axfinancials.com\/wp-content\/uploads\/2024\/09\/ec-1-1-150x150.png 150w, https:\/\/axfinancials.com\/wp-content\/uploads\/2024\/09\/ec-1-1-768x768.png 768w, https:\/\/axfinancials.com\/wp-content\/uploads\/2024\/09\/ec-1-1.png 1060w\" sizes=\"auto, (max-width: 300px) 100vw, 300px\" \/>\t\t\t\t\t\t\t\t\t\t\t\t\t\t\t<\/div>\n\t\t\t\t<\/div>\n\t\t\t\t<\/div>\n\t\t\t\t\t<\/div>\n\t\t\t\t<\/div>\n\t\t\t\t<\/div>\n\t\t\t\t<\/div>\n\t\t\t\t\t\t<\/div>\n\t\t\t\t<\/div>\n\t\t\t\t\t<\/div>\n\t\t\t\t<\/div>\n\t\t<div class=\"elementor-element elementor-element-b08fe3e e-flex e-con-boxed e-con e-parent\" data-id=\"b08fe3e\" data-element_type=\"container\" data-e-type=\"container\">\n\t\t\t\t\t<div class=\"e-con-inner\">\n\t\t\t\t<div class=\"elementor-element elementor-element-93dbec5 elementor-widget elementor-widget-template\" data-id=\"93dbec5\" data-element_type=\"widget\" data-e-type=\"widget\" data-widget_type=\"template.default\">\n\t\t\t\t<div class=\"elementor-widget-container\">\n\t\t\t\t\t\t\t<div class=\"elementor-template\">\n\t\t\t\t\t<div data-elementor-type=\"section\" data-elementor-id=\"1649\" class=\"elementor elementor-1649 elementor-291\" data-elementor-post-type=\"elementor_library\">\n\t\t\t<div class=\"elementor-element elementor-element-26e7fb7 e-flex e-con-boxed e-con e-parent\" data-id=\"26e7fb7\" data-element_type=\"container\" data-e-type=\"container\">\n\t\t\t\t\t<div class=\"e-con-inner\">\n\t\t\t\t<div class=\"elementor-element elementor-element-eb4bf04 elementor-widget elementor-widget-heading\" data-id=\"eb4bf04\" data-element_type=\"widget\" data-e-type=\"widget\" data-widget_type=\"heading.default\">\n\t\t\t\t<div class=\"elementor-widget-container\">\n\t\t\t\t\t<h2 class=\"elementor-heading-title elementor-size-default\">OUVREZ UN COMPTE EN DIRECT<\/h2>\t\t\t\t<\/div>\n\t\t\t\t<\/div>\n\t\t\t\t<div class=\"elementor-element elementor-element-1591d7b elementor-widget elementor-widget-heading\" data-id=\"1591d7b\" data-element_type=\"widget\" data-e-type=\"widget\" data-widget_type=\"heading.default\">\n\t\t\t\t<div class=\"elementor-widget-container\">\n\t\t\t\t\t<h2 class=\"elementor-heading-title elementor-size-default\">COMMENCEZ \u00c0 N\u00c9GOCIER EN 3 \u00c9TAPES SIMPLES<\/h2>\t\t\t\t<\/div>\n\t\t\t\t<\/div>\n\t\t\t\t\t<\/div>\n\t\t\t\t<\/div>\n\t\t<div class=\"elementor-element elementor-element-e281fae e-flex e-con-boxed e-con e-parent\" data-id=\"e281fae\" data-element_type=\"container\" data-e-type=\"container\">\n\t\t\t\t\t<div class=\"e-con-inner\">\n\t\t\t\t<div class=\"elementor-element elementor-element-74dfde2 elementor-widget__width-initial elementor-view-default elementor-position-block-start elementor-mobile-position-block-start elementor-widget elementor-widget-icon-box\" data-id=\"74dfde2\" data-element_type=\"widget\" data-e-type=\"widget\" data-widget_type=\"icon-box.default\">\n\t\t\t\t<div class=\"elementor-widget-container\">\n\t\t\t\t\t\t\t<div class=\"elementor-icon-box-wrapper\">\n\n\t\t\t\t\t\t<div class=\"elementor-icon-box-icon\">\n\t\t\t\t<span  class=\"elementor-icon\">\n\t\t\t\t<svg xmlns=\"http:\/\/www.w3.org\/2000\/svg\" xmlns:xlink=\"http:\/\/www.w3.org\/1999\/xlink\" viewBox=\"0 0 90 90\"><defs><style>      .cls-1 {        stroke: #444;        stroke-linecap: round;        stroke-linejoin: round;      }      .cls-1, .cls-2 {        fill: none;        stroke-width: 2px;      }      .cls-2 {        stroke: url(#linear-gradient);      }      .cls-3 {        fill: #fff;      }      .cls-4 {        fill: #efeff2;      }    <\/style><linearGradient id=\"linear-gradient\" x1=\"34.8\" y1=\"90.5\" x2=\"61.8\" y2=\"-13.5\" gradientTransform=\"translate(0 92.1) scale(1 -1)\" gradientUnits=\"userSpaceOnUse\"><stop offset=\"0\" stop-color=\"#fff\"><\/stop><stop offset=\"1\" stop-color=\"#d0d0d0\"><\/stop><\/linearGradient><\/defs><g><g id=\"Layer_1\"><g><rect class=\"cls-4\" x=\"5\" y=\"1\" width=\"80\" height=\"80\" rx=\"21\" ry=\"21\"><\/rect><rect class=\"cls-2\" x=\"6\" y=\"2\" width=\"78\" height=\"78\" rx=\"20\" ry=\"20\"><\/rect><\/g><path class=\"cls-1\" d=\"M40.2,45.8l5-.6c.4,0,.7-.2.9-.5l12.1-12.1c1.3-1.3,1.3-3.5,0-4.8h0c-1.3-1.3-3.5-1.3-4.8,0l-12,12c-.2.2-.4.6-.4.9l-.7,5.1Z\"><\/path><path class=\"cls-1\" d=\"M46.6,28.3h-9.5c-3.5,0-6.3,2.8-6.3,6.3v14.3c0,3.5,2.8,6.3,6.3,6.3h14.3c3.5,0,6.3-2.8,6.3-6.3v-9.5\"><\/path><g><circle cx=\"13.6\" cy=\"13.6\" r=\"13.6\"><\/circle><path class=\"cls-3\" d=\"M12.5,19.4v-8.6h-2.8v-1.6c1.8,0,2.9-.8,3.1-2.2h2.1v12.4h-2.5Z\"><\/path><\/g><\/g><\/g><\/svg>\t\t\t\t<\/span>\n\t\t\t<\/div>\n\t\t\t\n\t\t\t\t\t\t<div class=\"elementor-icon-box-content\">\n\n\t\t\t\t\t\t\t\t\t<h3 class=\"elementor-icon-box-title\">\n\t\t\t\t\t\t<span  >\n\t\t\t\t\t\t\tPOSTULEZ\t\t\t\t\t\t<\/span>\n\t\t\t\t\t<\/h3>\n\t\t\t\t\n\t\t\t\t\t\t\t\t\t<p class=\"elementor-icon-box-description\">\n\t\t\t\t\t\tRemplissez notre simple formulaire de demande en ligne.\t\t\t\t\t<\/p>\n\t\t\t\t\n\t\t\t<\/div>\n\t\t\t\n\t\t<\/div>\n\t\t\t\t\t\t<\/div>\n\t\t\t\t<\/div>\n\t\t\t\t<div class=\"elementor-element elementor-element-986eda1 elementor-widget__width-initial elementor-view-default elementor-position-block-start elementor-mobile-position-block-start elementor-widget elementor-widget-icon-box\" data-id=\"986eda1\" data-element_type=\"widget\" data-e-type=\"widget\" data-widget_type=\"icon-box.default\">\n\t\t\t\t<div class=\"elementor-widget-container\">\n\t\t\t\t\t\t\t<div class=\"elementor-icon-box-wrapper\">\n\n\t\t\t\t\t\t<div class=\"elementor-icon-box-icon\">\n\t\t\t\t<span  class=\"elementor-icon\">\n\t\t\t\t<svg xmlns=\"http:\/\/www.w3.org\/2000\/svg\" xmlns:xlink=\"http:\/\/www.w3.org\/1999\/xlink\" viewBox=\"0 0 90 90\"><defs><style>      .cls-1 {        stroke: #444;        stroke-linecap: round;        stroke-linejoin: round;      }      .cls-1, .cls-2 {        fill: none;        stroke-width: 2px;      }      .cls-2 {        stroke: url(#linear-gradient);      }      .cls-3 {        fill: #fff;      }      .cls-4 {        fill: #efeff2;      }    <\/style><linearGradient id=\"linear-gradient\" x1=\"34.8\" y1=\"90.5\" x2=\"61.8\" y2=\"-13.5\" gradientTransform=\"translate(0 92.1) scale(1 -1)\" gradientUnits=\"userSpaceOnUse\"><stop offset=\"0\" stop-color=\"#fff\"><\/stop><stop offset=\"1\" stop-color=\"#d0d0d0\"><\/stop><\/linearGradient><\/defs><g><g id=\"Layer_1\"><g><rect class=\"cls-4\" x=\"5\" y=\"1\" width=\"80\" height=\"80\" rx=\"21\" ry=\"21\"><\/rect><rect class=\"cls-2\" x=\"6\" y=\"2\" width=\"78\" height=\"78\" rx=\"20\" ry=\"20\"><\/rect><\/g><path class=\"cls-1\" d=\"M42.8,48c-.9-.9-1.2-2.3-.7-3.5.5-1.2,1.6-2,2.9-2s2.4.8,2.9,2c.5,1.2.2,2.5-.7,3.5-.6.6-1.4.9-2.2.9s-1.6-.3-2.2-.9\"><\/path><path class=\"cls-1\" d=\"M53.7,48.9v-6.3\"><\/path><path class=\"cls-1\" d=\"M36.3,48.9v-6.3\"><\/path><path class=\"cls-1\" d=\"M45,26.8v7.9\"><\/path><path class=\"cls-1\" d=\"M41.8,31.5l3.2,3.2,3.2-3.2\"><\/path><path class=\"cls-1\" d=\"M51.3,36.3h4.8c.8,0,1.6.3,2.2.9.6.6.9,1.4.9,2.2v12.7c0,.8-.3,1.6-.9,2.2-.6.6-1.4.9-2.2.9h-22.2c-.8,0-1.6-.3-2.2-.9s-.9-1.4-.9-2.2v-12.7c0-.8.3-1.6.9-2.2.6-.6,1.4-.9,2.2-.9h4.8\"><\/path><g><circle cx=\"13.6\" cy=\"13.6\" r=\"13.6\"><\/circle><path class=\"cls-3\" d=\"M8.7,19.4c0-.7.2-1.4.5-2.1.3-.7.7-1.2,1.1-1.6s.8-.8,1.4-1.2c.2-.2.5-.4.9-.7.4-.3.7-.5.9-.7.2-.2.4-.4.7-.6.3-.3.4-.5.5-.8s.2-.6.2-.9c0-.6-.2-1.1-.5-1.4-.3-.3-.7-.5-1.3-.5s-1.1.2-1.5.6c-.4.4-.5,1.1-.5,1.9h-2.3c0-1.4.4-2.6,1.1-3.4.7-.8,1.8-1.2,3.3-1.2s2.3.4,3.1,1.1c.8.8,1.1,1.7,1.1,2.8s0,1.1-.2,1.5c-.2.5-.4.9-.8,1.2-.3.4-.7.7-.9.9-.3.2-.7.5-1.2.8-1.3.9-2.2,1.6-2.5,2.2h5.7v2h-8.9Z\"><\/path><\/g><\/g><\/g><\/svg>\t\t\t\t<\/span>\n\t\t\t<\/div>\n\t\t\t\n\t\t\t\t\t\t<div class=\"elementor-icon-box-content\">\n\n\t\t\t\t\t\t\t\t\t<h3 class=\"elementor-icon-box-title\">\n\t\t\t\t\t\t<span  >\n\t\t\t\t\t\t\tFINANCER\t\t\t\t\t\t<\/span>\n\t\t\t\t\t<\/h3>\n\t\t\t\t\n\t\t\t\t\t\t\t\t\t<p class=\"elementor-icon-box-description\">\n\t\t\t\t\t\tConsultez nos passerelles de paiement\n et effectuez un d\u00e9p\u00f4t.\t\t\t\t\t<\/p>\n\t\t\t\t\n\t\t\t<\/div>\n\t\t\t\n\t\t<\/div>\n\t\t\t\t\t\t<\/div>\n\t\t\t\t<\/div>\n\t\t\t\t<div class=\"elementor-element elementor-element-f07ab43 elementor-widget__width-initial elementor-view-default elementor-position-block-start elementor-mobile-position-block-start elementor-widget elementor-widget-icon-box\" data-id=\"f07ab43\" data-element_type=\"widget\" data-e-type=\"widget\" data-widget_type=\"icon-box.default\">\n\t\t\t\t<div class=\"elementor-widget-container\">\n\t\t\t\t\t\t\t<div class=\"elementor-icon-box-wrapper\">\n\n\t\t\t\t\t\t<div class=\"elementor-icon-box-icon\">\n\t\t\t\t<span  class=\"elementor-icon\">\n\t\t\t\t<svg xmlns=\"http:\/\/www.w3.org\/2000\/svg\" xmlns:xlink=\"http:\/\/www.w3.org\/1999\/xlink\" viewBox=\"0 0 90 90\"><defs><style>      .cls-1 {        stroke: #444;        stroke-linecap: round;        stroke-linejoin: round;      }      .cls-1, .cls-2 {        fill: none;        stroke-width: 2px;      }      .cls-2 {        stroke: url(#linear-gradient);      }      .cls-3 {        fill: #fff;      }      .cls-4 {        fill: #efeff2;      }    <\/style><linearGradient id=\"linear-gradient\" x1=\"34.8\" y1=\"90.5\" x2=\"61.8\" y2=\"-13.5\" gradientTransform=\"translate(0 92.1) scale(1 -1)\" gradientUnits=\"userSpaceOnUse\"><stop offset=\"0\" stop-color=\"#fff\"><\/stop><stop offset=\"1\" stop-color=\"#d0d0d0\"><\/stop><\/linearGradient><\/defs><g><g id=\"Layer_1\"><g><rect class=\"cls-4\" x=\"5\" y=\"1\" width=\"80\" height=\"80\" rx=\"21\" ry=\"21\"><\/rect><rect class=\"cls-2\" x=\"6\" y=\"2\" width=\"78\" height=\"78\" rx=\"20\" ry=\"20\"><\/rect><\/g><path class=\"cls-1\" d=\"M37.1,48.9v-7.9\"><\/path><path class=\"cls-1\" d=\"M43.4,48.9v-17.4\"><\/path><path class=\"cls-1\" d=\"M49.7,48.9v-9.7\"><\/path><path class=\"cls-1\" d=\"M56.1,48.9v-15.8\"><\/path><path class=\"cls-1\" d=\"M30.8,26.8v25.3c0,1.7,1.4,3.2,3.2,3.2h25.3\"><\/path><g><circle cx=\"13.6\" cy=\"13.6\" r=\"13.6\"><\/circle><path class=\"cls-3\" d=\"M13,19.7c-1.6,0-2.8-.4-3.6-1.2-.8-.8-1.3-1.9-1.3-3.3h2.3c0,1.7.9,2.5,2.4,2.5s1.2-.2,1.6-.5c.4-.4.6-.8.6-1.5s-.2-1.1-.6-1.4c-.4-.3-.9-.5-1.7-.5h-.8v-1.9h.7c.6,0,1.1-.1,1.4-.4.4-.3.5-.7.5-1.2s-.2-.9-.5-1.2c-.3-.3-.7-.4-1.3-.4s-1.2.2-1.6.6-.6.9-.6,1.6h-2.3c0-1.2.5-2.2,1.2-3,.8-.7,1.9-1.1,3.3-1.1s2.3.3,3.1.9c.8.6,1.1,1.4,1.1,2.4s-.7,2.1-2.1,2.6h0c1.7.4,2.5,1.5,2.5,3.1s-.4,2.2-1.3,2.8c-.9.7-2,1-3.3,1Z\"><\/path><\/g><\/g><\/g><\/svg>\t\t\t\t<\/span>\n\t\t\t<\/div>\n\t\t\t\n\t\t\t\t\t\t<div class=\"elementor-icon-box-content\">\n\n\t\t\t\t\t\t\t\t\t<h3 class=\"elementor-icon-box-title\">\n\t\t\t\t\t\t<span  >\n\t\t\t\t\t\t\t\u00c9CHANGER MAINTENANT\t\t\t\t\t\t<\/span>\n\t\t\t\t\t<\/h3>\n\t\t\t\t\n\t\t\t\t\t\t\t\t\t<p class=\"elementor-icon-box-description\">\n\t\t\t\t\t\tD\u00e9couvrez les opportunit\u00e9s des march\u00e9s financiers et commencez \u00e0 \u00e9changer.\n\n\t\t\t\t\t<\/p>\n\t\t\t\t\n\t\t\t<\/div>\n\t\t\t\n\t\t<\/div>\n\t\t\t\t\t\t<\/div>\n\t\t\t\t<\/div>\n\t\t\t\t\t<\/div>\n\t\t\t\t<\/div>\n\t\t<div class=\"elementor-element elementor-element-e07a8b0 e-flex e-con-boxed e-con e-parent\" data-id=\"e07a8b0\" data-element_type=\"container\" data-e-type=\"container\">\n\t\t\t\t\t<div class=\"e-con-inner\">\n\t\t\t\t<div class=\"elementor-element elementor-element-b939b99 elementor-align-center elementor-widget elementor-widget-button\" data-id=\"b939b99\" data-element_type=\"widget\" data-e-type=\"widget\" data-widget_type=\"button.default\">\n\t\t\t\t<div class=\"elementor-widget-container\">\n\t\t\t\t\t\t\t\t\t<div class=\"elementor-button-wrapper\">\n\t\t\t\t\t<a class=\"elementor-button elementor-button-link elementor-size-sm\" href=\"https:\/\/axfinancials.com\/fr\/compte-en-direct\/\">\n\t\t\t\t\t\t<span class=\"elementor-button-content-wrapper\">\n\t\t\t\t\t\t\t\t\t<span class=\"elementor-button-text\">OUVREZ UN COMPTE EN DIRECT<\/span>\n\t\t\t\t\t<\/span>\n\t\t\t\t\t<\/a>\n\t\t\t\t<\/div>\n\t\t\t\t\t\t\t\t<\/div>\n\t\t\t\t<\/div>\n\t\t\t\t\t<\/div>\n\t\t\t\t<\/div>\n\t\t\t\t<\/div>\n\t\t\t\t<\/div>\n\t\t\t\t\t\t<\/div>\n\t\t\t\t<\/div>\n\t\t\t\t\t<\/div>\n\t\t\t\t<\/div>\n\t\t\t\t<\/div>\n\t\t","protected":false},"excerpt":{"rendered":"<p>Widget des taux crois\u00e9s Forex<\/p>\n","protected":false},"author":1,"featured_media":0,"parent":0,"menu_order":0,"comment_status":"closed","ping_status":"closed","template":"","meta":{"footnotes":""},"class_list":["post-1571","page","type-page","status-publish","hentry"],"_links":{"self":[{"href":"https:\/\/axfinancials.com\/fr\/wp-json\/wp\/v2\/pages\/1571","targetHints":{"allow":["GET"]}}],"collection":[{"href":"https:\/\/axfinancials.com\/fr\/wp-json\/wp\/v2\/pages"}],"about":[{"href":"https:\/\/axfinancials.com\/fr\/wp-json\/wp\/v2\/types\/page"}],"author":[{"embeddable":true,"href":"https:\/\/axfinancials.com\/fr\/wp-json\/wp\/v2\/users\/1"}],"replies":[{"embeddable":true,"href":"https:\/\/axfinancials.com\/fr\/wp-json\/wp\/v2\/comments?post=1571"}],"version-history":[{"count":3,"href":"https:\/\/axfinancials.com\/fr\/wp-json\/wp\/v2\/pages\/1571\/revisions"}],"predecessor-version":[{"id":1574,"href":"https:\/\/axfinancials.com\/fr\/wp-json\/wp\/v2\/pages\/1571\/revisions\/1574"}],"wp:attachment":[{"href":"https:\/\/axfinancials.com\/fr\/wp-json\/wp\/v2\/media?parent=1571"}],"curies":[{"name":"wp","href":"https:\/\/api.w.org\/{rel}","templated":true}]}}