{"id":1556,"date":"2024-09-05T12:57:34","date_gmt":"2024-09-05T12:57:34","guid":{"rendered":"https:\/\/axfinancials.com\/cryptocurrency\/"},"modified":"2025-02-06T12:53:14","modified_gmt":"2025-02-06T12:53:14","slug":"cryptocurrency","status":"publish","type":"page","link":"https:\/\/axfinancials.com\/fr\/cryptocurrency\/","title":{"rendered":"cryptocurrency"},"content":{"rendered":"\t\t<div data-elementor-type=\"wp-page\" data-elementor-id=\"1556\" class=\"elementor elementor-1556 elementor-360\" data-elementor-post-type=\"page\">\n\t\t\t\t<div class=\"elementor-element elementor-element-3941c1b e-flex e-con-boxed e-con e-parent\" data-id=\"3941c1b\" data-element_type=\"container\" data-e-type=\"container\" data-settings=\"{&quot;background_background&quot;:&quot;classic&quot;}\">\n\t\t\t\t\t<div class=\"e-con-inner\">\n\t\t<div class=\"elementor-element elementor-element-254278e e-con-full e-flex e-con e-child\" data-id=\"254278e\" data-element_type=\"container\" data-e-type=\"container\">\n\t\t\t\t<div class=\"elementor-element elementor-element-794f426 elementor-widget elementor-widget-heading\" data-id=\"794f426\" data-element_type=\"widget\" data-e-type=\"widget\" data-widget_type=\"heading.default\">\n\t\t\t\t<div class=\"elementor-widget-container\">\n\t\t\t\t\t<h2 class=\"elementor-heading-title elementor-size-default\">cryptocurrency<\/h2>\t\t\t\t<\/div>\n\t\t\t\t<\/div>\n\t\t\t\t<div class=\"elementor-element elementor-element-1c0997e elementor-widget elementor-widget-text-editor\" data-id=\"1c0997e\" data-element_type=\"widget\" data-e-type=\"widget\" data-widget_type=\"text-editor.default\">\n\t\t\t\t<div class=\"elementor-widget-container\">\n\t\t\t\t\t\t\t\t\t<p class=\"title col-xs-12\">Les crypto-monnaies sont une valeur marchande r\u00e9cente qui fait preuve de force. Bitcoin est la principale crypto-monnaie qui a cr\u00e9\u00e9 de nombreux millionnaires, et son prix est pass\u00e9 de 1 000 $ \u00e0 un peu moins de 20 000 $ en quelques mois, ce qui en fait un paradis commercial pour de nombreux investisseurs. <\/p>\n<p>C\u2019est pourquoi AX Financials enregistre les crypto-monnaies les plus \u00e9changeables dans le syst\u00e8me (Bitcoin, Ethereum, Ripple, etc.) afin que nos clients puissent \u00e9changer \u00e0 tout moment, n\u2019importe o\u00f9.<\/p>\n\t\t\t\t\t\t\t\t<\/div>\n\t\t\t\t<\/div>\n\t\t\t\t<\/div>\n\t\t<div class=\"elementor-element elementor-element-0be5622 e-con-full e-flex e-con e-child\" data-id=\"0be5622\" data-element_type=\"container\" data-e-type=\"container\">\n\t\t\t\t<div class=\"elementor-element elementor-element-abd4f1f elementor-widget elementor-widget-image\" data-id=\"abd4f1f\" data-element_type=\"widget\" data-e-type=\"widget\" data-widget_type=\"image.default\">\n\t\t\t\t<div class=\"elementor-widget-container\">\n\t\t\t\t\t\t\t\t\t\t\t\t\t\t\t<img loading=\"lazy\" decoding=\"async\" width=\"442\" height=\"488\" src=\"https:\/\/axfinancials.com\/wp-content\/uploads\/2024\/09\/trade-cryptos-banner.webp\" class=\"attachment-large size-large wp-image-348\" alt=\"\" srcset=\"https:\/\/axfinancials.com\/wp-content\/uploads\/2024\/09\/trade-cryptos-banner.webp 442w, https:\/\/axfinancials.com\/wp-content\/uploads\/2024\/09\/trade-cryptos-banner-272x300.webp 272w\" sizes=\"auto, (max-width: 442px) 100vw, 442px\" \/>\t\t\t\t\t\t\t\t\t\t\t\t\t\t\t<\/div>\n\t\t\t\t<\/div>\n\t\t\t\t<\/div>\n\t\t\t\t\t<\/div>\n\t\t\t\t<\/div>\n\t\t<div class=\"elementor-element elementor-element-4b7ff56 e-flex e-con-boxed e-con e-parent\" data-id=\"4b7ff56\" data-element_type=\"container\" data-e-type=\"container\">\n\t\t\t\t\t<div class=\"e-con-inner\">\n\t\t\t\t<div class=\"elementor-element elementor-element-94ebb28 elementor-widget elementor-widget-template\" data-id=\"94ebb28\" data-element_type=\"widget\" data-e-type=\"widget\" data-widget_type=\"template.default\">\n\t\t\t\t<div class=\"elementor-widget-container\">\n\t\t\t\t\t\t\t<div class=\"elementor-template\">\n\t\t\t\t\t<div data-elementor-type=\"section\" data-elementor-id=\"1649\" class=\"elementor elementor-1649 elementor-291\" data-elementor-post-type=\"elementor_library\">\n\t\t\t<div class=\"elementor-element elementor-element-26e7fb7 e-flex e-con-boxed e-con e-parent\" data-id=\"26e7fb7\" data-element_type=\"container\" data-e-type=\"container\">\n\t\t\t\t\t<div class=\"e-con-inner\">\n\t\t\t\t<div class=\"elementor-element elementor-element-eb4bf04 elementor-widget elementor-widget-heading\" data-id=\"eb4bf04\" data-element_type=\"widget\" data-e-type=\"widget\" data-widget_type=\"heading.default\">\n\t\t\t\t<div class=\"elementor-widget-container\">\n\t\t\t\t\t<h2 class=\"elementor-heading-title elementor-size-default\">OUVREZ UN COMPTE EN DIRECT<\/h2>\t\t\t\t<\/div>\n\t\t\t\t<\/div>\n\t\t\t\t<div class=\"elementor-element elementor-element-1591d7b elementor-widget elementor-widget-heading\" data-id=\"1591d7b\" data-element_type=\"widget\" data-e-type=\"widget\" data-widget_type=\"heading.default\">\n\t\t\t\t<div class=\"elementor-widget-container\">\n\t\t\t\t\t<h2 class=\"elementor-heading-title elementor-size-default\">COMMENCEZ \u00c0 N\u00c9GOCIER EN 3 \u00c9TAPES SIMPLES<\/h2>\t\t\t\t<\/div>\n\t\t\t\t<\/div>\n\t\t\t\t\t<\/div>\n\t\t\t\t<\/div>\n\t\t<div class=\"elementor-element elementor-element-e281fae e-flex e-con-boxed e-con e-parent\" data-id=\"e281fae\" data-element_type=\"container\" data-e-type=\"container\">\n\t\t\t\t\t<div class=\"e-con-inner\">\n\t\t\t\t<div class=\"elementor-element elementor-element-74dfde2 elementor-widget__width-initial elementor-view-default elementor-position-block-start elementor-mobile-position-block-start elementor-widget elementor-widget-icon-box\" data-id=\"74dfde2\" data-element_type=\"widget\" data-e-type=\"widget\" data-widget_type=\"icon-box.default\">\n\t\t\t\t<div class=\"elementor-widget-container\">\n\t\t\t\t\t\t\t<div class=\"elementor-icon-box-wrapper\">\n\n\t\t\t\t\t\t<div class=\"elementor-icon-box-icon\">\n\t\t\t\t<span  class=\"elementor-icon\">\n\t\t\t\t<svg xmlns=\"http:\/\/www.w3.org\/2000\/svg\" xmlns:xlink=\"http:\/\/www.w3.org\/1999\/xlink\" viewBox=\"0 0 90 90\"><defs><style>      .cls-1 {        stroke: #444;        stroke-linecap: round;        stroke-linejoin: round;      }      .cls-1, .cls-2 {        fill: none;        stroke-width: 2px;      }      .cls-2 {        stroke: url(#linear-gradient);      }      .cls-3 {        fill: #fff;      }      .cls-4 {        fill: #efeff2;      }    <\/style><linearGradient id=\"linear-gradient\" x1=\"34.8\" y1=\"90.5\" x2=\"61.8\" y2=\"-13.5\" gradientTransform=\"translate(0 92.1) scale(1 -1)\" gradientUnits=\"userSpaceOnUse\"><stop offset=\"0\" stop-color=\"#fff\"><\/stop><stop offset=\"1\" stop-color=\"#d0d0d0\"><\/stop><\/linearGradient><\/defs><g><g id=\"Layer_1\"><g><rect class=\"cls-4\" x=\"5\" y=\"1\" width=\"80\" height=\"80\" rx=\"21\" ry=\"21\"><\/rect><rect class=\"cls-2\" x=\"6\" y=\"2\" width=\"78\" height=\"78\" rx=\"20\" ry=\"20\"><\/rect><\/g><path class=\"cls-1\" d=\"M40.2,45.8l5-.6c.4,0,.7-.2.9-.5l12.1-12.1c1.3-1.3,1.3-3.5,0-4.8h0c-1.3-1.3-3.5-1.3-4.8,0l-12,12c-.2.2-.4.6-.4.9l-.7,5.1Z\"><\/path><path class=\"cls-1\" d=\"M46.6,28.3h-9.5c-3.5,0-6.3,2.8-6.3,6.3v14.3c0,3.5,2.8,6.3,6.3,6.3h14.3c3.5,0,6.3-2.8,6.3-6.3v-9.5\"><\/path><g><circle cx=\"13.6\" cy=\"13.6\" r=\"13.6\"><\/circle><path class=\"cls-3\" d=\"M12.5,19.4v-8.6h-2.8v-1.6c1.8,0,2.9-.8,3.1-2.2h2.1v12.4h-2.5Z\"><\/path><\/g><\/g><\/g><\/svg>\t\t\t\t<\/span>\n\t\t\t<\/div>\n\t\t\t\n\t\t\t\t\t\t<div class=\"elementor-icon-box-content\">\n\n\t\t\t\t\t\t\t\t\t<h3 class=\"elementor-icon-box-title\">\n\t\t\t\t\t\t<span  >\n\t\t\t\t\t\t\tPOSTULEZ\t\t\t\t\t\t<\/span>\n\t\t\t\t\t<\/h3>\n\t\t\t\t\n\t\t\t\t\t\t\t\t\t<p class=\"elementor-icon-box-description\">\n\t\t\t\t\t\tRemplissez notre simple formulaire de demande en ligne.\t\t\t\t\t<\/p>\n\t\t\t\t\n\t\t\t<\/div>\n\t\t\t\n\t\t<\/div>\n\t\t\t\t\t\t<\/div>\n\t\t\t\t<\/div>\n\t\t\t\t<div class=\"elementor-element elementor-element-986eda1 elementor-widget__width-initial elementor-view-default elementor-position-block-start elementor-mobile-position-block-start elementor-widget elementor-widget-icon-box\" data-id=\"986eda1\" data-element_type=\"widget\" data-e-type=\"widget\" data-widget_type=\"icon-box.default\">\n\t\t\t\t<div class=\"elementor-widget-container\">\n\t\t\t\t\t\t\t<div class=\"elementor-icon-box-wrapper\">\n\n\t\t\t\t\t\t<div class=\"elementor-icon-box-icon\">\n\t\t\t\t<span  class=\"elementor-icon\">\n\t\t\t\t<svg xmlns=\"http:\/\/www.w3.org\/2000\/svg\" xmlns:xlink=\"http:\/\/www.w3.org\/1999\/xlink\" viewBox=\"0 0 90 90\"><defs><style>      .cls-1 {        stroke: #444;        stroke-linecap: round;        stroke-linejoin: round;      }      .cls-1, .cls-2 {        fill: none;        stroke-width: 2px;      }      .cls-2 {        stroke: url(#linear-gradient);      }      .cls-3 {        fill: #fff;      }      .cls-4 {        fill: #efeff2;      }    <\/style><linearGradient id=\"linear-gradient\" x1=\"34.8\" y1=\"90.5\" x2=\"61.8\" y2=\"-13.5\" gradientTransform=\"translate(0 92.1) scale(1 -1)\" gradientUnits=\"userSpaceOnUse\"><stop offset=\"0\" stop-color=\"#fff\"><\/stop><stop offset=\"1\" stop-color=\"#d0d0d0\"><\/stop><\/linearGradient><\/defs><g><g id=\"Layer_1\"><g><rect class=\"cls-4\" x=\"5\" y=\"1\" width=\"80\" height=\"80\" rx=\"21\" ry=\"21\"><\/rect><rect class=\"cls-2\" x=\"6\" y=\"2\" width=\"78\" height=\"78\" rx=\"20\" ry=\"20\"><\/rect><\/g><path class=\"cls-1\" d=\"M42.8,48c-.9-.9-1.2-2.3-.7-3.5.5-1.2,1.6-2,2.9-2s2.4.8,2.9,2c.5,1.2.2,2.5-.7,3.5-.6.6-1.4.9-2.2.9s-1.6-.3-2.2-.9\"><\/path><path class=\"cls-1\" d=\"M53.7,48.9v-6.3\"><\/path><path class=\"cls-1\" d=\"M36.3,48.9v-6.3\"><\/path><path class=\"cls-1\" d=\"M45,26.8v7.9\"><\/path><path class=\"cls-1\" d=\"M41.8,31.5l3.2,3.2,3.2-3.2\"><\/path><path class=\"cls-1\" d=\"M51.3,36.3h4.8c.8,0,1.6.3,2.2.9.6.6.9,1.4.9,2.2v12.7c0,.8-.3,1.6-.9,2.2-.6.6-1.4.9-2.2.9h-22.2c-.8,0-1.6-.3-2.2-.9s-.9-1.4-.9-2.2v-12.7c0-.8.3-1.6.9-2.2.6-.6,1.4-.9,2.2-.9h4.8\"><\/path><g><circle cx=\"13.6\" cy=\"13.6\" r=\"13.6\"><\/circle><path class=\"cls-3\" d=\"M8.7,19.4c0-.7.2-1.4.5-2.1.3-.7.7-1.2,1.1-1.6s.8-.8,1.4-1.2c.2-.2.5-.4.9-.7.4-.3.7-.5.9-.7.2-.2.4-.4.7-.6.3-.3.4-.5.5-.8s.2-.6.2-.9c0-.6-.2-1.1-.5-1.4-.3-.3-.7-.5-1.3-.5s-1.1.2-1.5.6c-.4.4-.5,1.1-.5,1.9h-2.3c0-1.4.4-2.6,1.1-3.4.7-.8,1.8-1.2,3.3-1.2s2.3.4,3.1,1.1c.8.8,1.1,1.7,1.1,2.8s0,1.1-.2,1.5c-.2.5-.4.9-.8,1.2-.3.4-.7.7-.9.9-.3.2-.7.5-1.2.8-1.3.9-2.2,1.6-2.5,2.2h5.7v2h-8.9Z\"><\/path><\/g><\/g><\/g><\/svg>\t\t\t\t<\/span>\n\t\t\t<\/div>\n\t\t\t\n\t\t\t\t\t\t<div class=\"elementor-icon-box-content\">\n\n\t\t\t\t\t\t\t\t\t<h3 class=\"elementor-icon-box-title\">\n\t\t\t\t\t\t<span  >\n\t\t\t\t\t\t\tFINANCER\t\t\t\t\t\t<\/span>\n\t\t\t\t\t<\/h3>\n\t\t\t\t\n\t\t\t\t\t\t\t\t\t<p class=\"elementor-icon-box-description\">\n\t\t\t\t\t\tConsultez nos passerelles de paiement\n et effectuez un d\u00e9p\u00f4t.\t\t\t\t\t<\/p>\n\t\t\t\t\n\t\t\t<\/div>\n\t\t\t\n\t\t<\/div>\n\t\t\t\t\t\t<\/div>\n\t\t\t\t<\/div>\n\t\t\t\t<div class=\"elementor-element elementor-element-f07ab43 elementor-widget__width-initial elementor-view-default elementor-position-block-start elementor-mobile-position-block-start elementor-widget elementor-widget-icon-box\" data-id=\"f07ab43\" data-element_type=\"widget\" data-e-type=\"widget\" data-widget_type=\"icon-box.default\">\n\t\t\t\t<div class=\"elementor-widget-container\">\n\t\t\t\t\t\t\t<div class=\"elementor-icon-box-wrapper\">\n\n\t\t\t\t\t\t<div class=\"elementor-icon-box-icon\">\n\t\t\t\t<span  class=\"elementor-icon\">\n\t\t\t\t<svg xmlns=\"http:\/\/www.w3.org\/2000\/svg\" xmlns:xlink=\"http:\/\/www.w3.org\/1999\/xlink\" viewBox=\"0 0 90 90\"><defs><style>      .cls-1 {        stroke: #444;        stroke-linecap: round;        stroke-linejoin: round;      }      .cls-1, .cls-2 {        fill: none;        stroke-width: 2px;      }      .cls-2 {        stroke: url(#linear-gradient);      }      .cls-3 {        fill: #fff;      }      .cls-4 {        fill: #efeff2;      }    <\/style><linearGradient id=\"linear-gradient\" x1=\"34.8\" y1=\"90.5\" x2=\"61.8\" y2=\"-13.5\" gradientTransform=\"translate(0 92.1) scale(1 -1)\" gradientUnits=\"userSpaceOnUse\"><stop offset=\"0\" stop-color=\"#fff\"><\/stop><stop offset=\"1\" stop-color=\"#d0d0d0\"><\/stop><\/linearGradient><\/defs><g><g id=\"Layer_1\"><g><rect class=\"cls-4\" x=\"5\" y=\"1\" width=\"80\" height=\"80\" rx=\"21\" ry=\"21\"><\/rect><rect class=\"cls-2\" x=\"6\" y=\"2\" width=\"78\" height=\"78\" rx=\"20\" ry=\"20\"><\/rect><\/g><path class=\"cls-1\" d=\"M37.1,48.9v-7.9\"><\/path><path class=\"cls-1\" d=\"M43.4,48.9v-17.4\"><\/path><path class=\"cls-1\" d=\"M49.7,48.9v-9.7\"><\/path><path class=\"cls-1\" d=\"M56.1,48.9v-15.8\"><\/path><path class=\"cls-1\" d=\"M30.8,26.8v25.3c0,1.7,1.4,3.2,3.2,3.2h25.3\"><\/path><g><circle cx=\"13.6\" cy=\"13.6\" r=\"13.6\"><\/circle><path class=\"cls-3\" d=\"M13,19.7c-1.6,0-2.8-.4-3.6-1.2-.8-.8-1.3-1.9-1.3-3.3h2.3c0,1.7.9,2.5,2.4,2.5s1.2-.2,1.6-.5c.4-.4.6-.8.6-1.5s-.2-1.1-.6-1.4c-.4-.3-.9-.5-1.7-.5h-.8v-1.9h.7c.6,0,1.1-.1,1.4-.4.4-.3.5-.7.5-1.2s-.2-.9-.5-1.2c-.3-.3-.7-.4-1.3-.4s-1.2.2-1.6.6-.6.9-.6,1.6h-2.3c0-1.2.5-2.2,1.2-3,.8-.7,1.9-1.1,3.3-1.1s2.3.3,3.1.9c.8.6,1.1,1.4,1.1,2.4s-.7,2.1-2.1,2.6h0c1.7.4,2.5,1.5,2.5,3.1s-.4,2.2-1.3,2.8c-.9.7-2,1-3.3,1Z\"><\/path><\/g><\/g><\/g><\/svg>\t\t\t\t<\/span>\n\t\t\t<\/div>\n\t\t\t\n\t\t\t\t\t\t<div class=\"elementor-icon-box-content\">\n\n\t\t\t\t\t\t\t\t\t<h3 class=\"elementor-icon-box-title\">\n\t\t\t\t\t\t<span  >\n\t\t\t\t\t\t\t\u00c9CHANGER MAINTENANT\t\t\t\t\t\t<\/span>\n\t\t\t\t\t<\/h3>\n\t\t\t\t\n\t\t\t\t\t\t\t\t\t<p class=\"elementor-icon-box-description\">\n\t\t\t\t\t\tD\u00e9couvrez les opportunit\u00e9s des march\u00e9s financiers et commencez \u00e0 \u00e9changer.\n\n\t\t\t\t\t<\/p>\n\t\t\t\t\n\t\t\t<\/div>\n\t\t\t\n\t\t<\/div>\n\t\t\t\t\t\t<\/div>\n\t\t\t\t<\/div>\n\t\t\t\t\t<\/div>\n\t\t\t\t<\/div>\n\t\t<div class=\"elementor-element elementor-element-e07a8b0 e-flex e-con-boxed e-con e-parent\" data-id=\"e07a8b0\" data-element_type=\"container\" data-e-type=\"container\">\n\t\t\t\t\t<div class=\"e-con-inner\">\n\t\t\t\t<div class=\"elementor-element elementor-element-b939b99 elementor-align-center elementor-widget elementor-widget-button\" data-id=\"b939b99\" data-element_type=\"widget\" data-e-type=\"widget\" data-widget_type=\"button.default\">\n\t\t\t\t<div class=\"elementor-widget-container\">\n\t\t\t\t\t\t\t\t\t<div class=\"elementor-button-wrapper\">\n\t\t\t\t\t<a class=\"elementor-button elementor-button-link elementor-size-sm\" href=\"https:\/\/axfinancials.com\/fr\/compte-en-direct\/\">\n\t\t\t\t\t\t<span class=\"elementor-button-content-wrapper\">\n\t\t\t\t\t\t\t\t\t<span class=\"elementor-button-text\">OUVREZ UN COMPTE EN DIRECT<\/span>\n\t\t\t\t\t<\/span>\n\t\t\t\t\t<\/a>\n\t\t\t\t<\/div>\n\t\t\t\t\t\t\t\t<\/div>\n\t\t\t\t<\/div>\n\t\t\t\t\t<\/div>\n\t\t\t\t<\/div>\n\t\t\t\t<\/div>\n\t\t\t\t<\/div>\n\t\t\t\t\t\t<\/div>\n\t\t\t\t<\/div>\n\t\t\t\t\t<\/div>\n\t\t\t\t<\/div>\n\t\t<div class=\"elementor-element elementor-element-dd4c417 e-flex e-con-boxed e-con e-parent\" data-id=\"dd4c417\" data-element_type=\"container\" data-e-type=\"container\">\n\t\t\t\t\t<div class=\"e-con-inner\">\n\t\t\t\t<div class=\"elementor-element elementor-element-9391310 elementor-widget elementor-widget-heading\" data-id=\"9391310\" data-element_type=\"widget\" data-e-type=\"widget\" data-widget_type=\"heading.default\">\n\t\t\t\t<div class=\"elementor-widget-container\">\n\t\t\t\t\t<h2 class=\"elementor-heading-title elementor-size-default\">\u00c9CARTS COMP\u00c9TITIFS\n<\/h2>\t\t\t\t<\/div>\n\t\t\t\t<\/div>\n\t\t\t\t\t<\/div>\n\t\t\t\t<\/div>\n\t\t<div class=\"elementor-element elementor-element-acd8c45 e-flex e-con-boxed e-con e-parent\" data-id=\"acd8c45\" data-element_type=\"container\" data-e-type=\"container\">\n\t\t\t\t\t<div class=\"e-con-inner\">\n\t\t\t\t<div class=\"elementor-element elementor-element-4c26f73 elementor-widget elementor-widget-html\" data-id=\"4c26f73\" data-element_type=\"widget\" data-e-type=\"widget\" data-widget_type=\"html.default\">\n\t\t\t\t<div class=\"elementor-widget-container\">\n\t\t\t\t\t<table class=\"scroll-fixed-header views-table cols-8 table-refresh\">\n\t\t\t\t\t\t\t\t\t\t\t\t\t\t\t<thead>\n\t\t\t\t\t\t\t\t\t\t\t\t\t\t\t\t<tr>\n\t\t\t\t\t\t\t\t\t\t\t\t\t\t\t\t\t<th class=\"views-field views-field-title header\" scope=\"col\">\n Product<\/th>\n\t\t\t\t\t\t\t\t\t\t\t\t\t\t\t\t\t<th class=\"views-field views-field-field-symbol-title header\" scope=\"col\">\n Symbol<\/th>\n\t\t\t\t\t\t\t\t\t\t\t\t\t\t\t\t\t<th class=\"views-field views-field-field-exchange header\" scope=\"col\">\n Exchange<\/th>\n\t\t\t\t\t\t\t\t\t\t\t\t\t\t\t\t\t<th class=\"views-field views-field-field-product-margin header\" scope=\"col\">\n Product margin<\/th>\n\t\t\t\t\t\t\t\t\t\t\t\t\t\t\t\t\t<th class=\"views-field views-field-field-product-spread header\" scope=\"col\">\n Minimum spread (pips)<\/th>\n\t\t\t\t\t\t\t\t\t\t\t\t\t\t\t\t\t<th class=\"views-field views-field-field-average-spread header\" scope=\"col\">\n Average spread (pips)<\/th>\n\t\t\t\t\t\t\t\t\t\t\t\t\t\t\t\t\t<th class=\"views-field views-field-field-typical-spread header\" scope=\"col\">\n Typical spread (pips)<\/th>\n\t\t\t\t\t\t\t\t\t\t\t\t\t\t\t\t\t<th class=\"views-field views-field-field-trading-hours header\" scope=\"col\">\n Trading hours<\/th>\n\t\t\t\t\t\t\t\t\t\t\t\t\t\t\t\t<\/tr>\n\t\t\t\t\t\t\t\t\t\t\t\t\t\t\t<\/thead>\n\t\t\t\t\t\t\t\t\t\t\t\t\t\t\t<tbody>\n\t\t\t\t\t\t\t\t\t\t\t\t\t\t\t\t<tr class=\"odd views-row-first\">\n\t\t\t\t\t\t\t\t\t\t\t\t\t\t\t\t\t<td class=\"views-field views-field-title\">\n Bitcoin<\/td>\n\t\t\t\t\t\t\t\t\t\t\t\t\t\t\t\t\t<td class=\"views-field views-field-field-symbol-title\">\n BTCUSD<\/td>\n\t\t\t\t\t\t\t\t\t\t\t\t\t\t\t\t\t<td class=\"views-field views-field-field-exchange\">\n N\/A<\/td>\n\t\t\t\t\t\t\t\t\t\t\t\t\t\t\t\t\t<td class=\"views-field views-field-field-product-margin\">\n  50%<\/td>\n\t\t\t\t\t\t\t\t\t\t\t\t\t\t\t\t\t<td class=\"views-field views-field-field-product-spread\">\n  40<\/td>\n\t\t\t\t\t\t\t\t\t\t\t\t\t\t\t\t\t<td class=\"views-field views-field-field-average-spread\">\n  1.522897<\/td>\n\t\t\t\t\t\t\t\t\t\t\t\t\t\t\t\t\t<td class=\"views-field views-field-field-typical-spread\">\n  1.5<\/td>\n\t\t\t\t\t\t\t\t\t\t\t\t\t\t\t\t\t<td class=\"views-field views-field-field-trading-hours\">\n 00:01 Monday - 23:58 Friday<\/td>\n\t\t\t\t\t\t\t\t\t\t\t\t\t\t\t\t<\/tr>\n\t\t\t\t\t\t\t\t\t\t\t\t\t\t\t\t<tr class=\"even\">\n\t\t\t\t\t\t\t\t\t\t\t\t\t\t\t\t\t<td class=\"views-field views-field-title\">\n Bitcoin Cash<\/td>\n\t\t\t\t\t\t\t\t\t\t\t\t\t\t\t\t\t<td class=\"views-field views-field-field-symbol-title\">\n BCHUSD<\/td>\n\t\t\t\t\t\t\t\t\t\t\t\t\t\t\t\t\t<td class=\"views-field views-field-field-exchange\">\n N\/A<\/td>\n\t\t\t\t\t\t\t\t\t\t\t\t\t\t\t\t\t<td class=\"views-field views-field-field-product-margin\">\n From 20%<\/td>\n\t\t\t\t\t\t\t\t\t\t\t\t\t\t\t\t\t<td class=\"views-field views-field-field-product-spread\">\n  12<\/td>\n\t\t\t\t\t\t\t\t\t\t\t\t\t\t\t\t\t<td class=\"views-field views-field-field-average-spread\">\n  1.00252<\/td>\n\t\t\t\t\t\t\t\t\t\t\t\t\t\t\t\t\t<td class=\"views-field views-field-field-typical-spread\">\n  1<\/td>\n\t\t\t\t\t\t\t\t\t\t\t\t\t\t\t\t\t<td class=\"views-field views-field-field-trading-hours\">\n 00:01 Monday - 23:58 Friday<\/td>\n\t\t\t\t\t\t\t\t\t\t\t\t\t\t\t\t<\/tr>\n\t\t\t\t\t\t\t\t\t\t\t\t\t\t\t\t<tr class=\"odd\">\n\t\t\t\t\t\t\t\t\t\t\t\t\t\t\t\t\t<td class=\"views-field views-field-title\">\n Dash<\/td>\n\t\t\t\t\t\t\t\t\t\t\t\t\t\t\t\t\t<td class=\"views-field views-field-field-symbol-title\">\n DSHUSD<\/td>\n\t\t\t\t\t\t\t\t\t\t\t\t\t\t\t\t\t<td class=\"views-field views-field-field-exchange\">\n N\/A<\/td>\n\t\t\t\t\t\t\t\t\t\t\t\t\t\t\t\t\t<td class=\"views-field views-field-field-product-margin\">\n From 20%<\/td>\n\t\t\t\t\t\t\t\t\t\t\t\t\t\t\t\t\t<td class=\"views-field views-field-field-product-spread\">\n  6<\/td>\n\t\t\t\t\t\t\t\t\t\t\t\t\t\t\t\t\t<td class=\"views-field views-field-field-average-spread\">\n  2.72588<\/td>\n\t\t\t\t\t\t\t\t\t\t\t\t\t\t\t\t\t<td class=\"views-field views-field-field-typical-spread\">\n  2.708<\/td>\n\t\t\t\t\t\t\t\t\t\t\t\t\t\t\t\t\t<td class=\"views-field views-field-field-trading-hours\">\n 00:01 Monday - 23:58 Friday<\/td>\n\t\t\t\t\t\t\t\t\t\t\t\t\t\t\t\t<\/tr>\n\t\t\t\t\t\t\t\t\t\t\t\t\t\t\t\t<tr class=\"even\">\n\t\t\t\t\t\t\t\t\t\t\t\t\t\t\t\t\t<td class=\"views-field views-field-title\">\n Ethereum<\/td>\n\t\t\t\t\t\t\t\t\t\t\t\t\t\t\t\t\t<td class=\"views-field views-field-field-symbol-title\">\n ETHUSD<\/td>\n\t\t\t\t\t\t\t\t\t\t\t\t\t\t\t\t\t<td class=\"views-field views-field-field-exchange\">\n N\/A<\/td>\n\t\t\t\t\t\t\t\t\t\t\t\t\t\t\t\t\t<td class=\"views-field views-field-field-product-margin\">\n From 20%<\/td>\n\t\t\t\t\t\t\t\t\t\t\t\t\t\t\t\t\t<td class=\"views-field views-field-field-product-spread\">\n  5<\/td>\n\t\t\t\t\t\t\t\t\t\t\t\t\t\t\t\t\t<td class=\"views-field views-field-field-average-spread\">\n  2.00252<\/td>\n\t\t\t\t\t\t\t\t\t\t\t\t\t\t\t\t\t<td class=\"views-field views-field-field-typical-spread\">\n  2<\/td>\n\t\t\t\t\t\t\t\t\t\t\t\t\t\t\t\t\t<td class=\"views-field views-field-field-trading-hours\">\n 00:01 Monday - 23:58 Friday<\/td>\n\t\t\t\t\t\t\t\t\t\t\t\t\t\t\t\t<\/tr>\n\t\t\t\t\t\t\t\t\t\t\t\t\t\t\t\t<tr class=\"odd\">\n\t\t\t\t\t\t\t\t\t\t\t\t\t\t\t\t\t<td class=\"views-field views-field-title\">\n Litecoin<\/td>\n\t\t\t\t\t\t\t\t\t\t\t\t\t\t\t\t\t<td class=\"views-field views-field-field-symbol-title\">\n LTCUSD<\/td>\n\t\t\t\t\t\t\t\t\t\t\t\t\t\t\t\t\t<td class=\"views-field views-field-field-exchange\">\n N\/A<\/td>\n\t\t\t\t\t\t\t\t\t\t\t\t\t\t\t\t\t<td class=\"views-field views-field-field-product-margin\">\n From 20%<\/td>\n\t\t\t\t\t\t\t\t\t\t\t\t\t\t\t\t\t<td class=\"views-field views-field-field-product-spread\">\n  1.5<\/td>\n\t\t\t\t\t\t\t\t\t\t\t\t\t\t\t\t\t<td class=\"views-field views-field-field-average-spread\">\n  5.2537<\/td>\n\t\t\t\t\t\t\t\t\t\t\t\t\t\t\t\t\t<td class=\"views-field views-field-field-typical-spread\">\n  5<\/td>\n\t\t\t\t\t\t\t\t\t\t\t\t\t\t\t\t\t<td class=\"views-field views-field-field-trading-hours\">\n 00:01 Monday - 23:58 Friday<\/td>\n\t\t\t\t\t\t\t\t\t\t\t\t\t\t\t\t<\/tr>\n\t\t\t\t\t\t\t\t\t\t\t\t\t\t\t\t<tr class=\"even views-row-last\">\n\t\t\t\t\t\t\t\t\t\t\t\t\t\t\t\t\t<td class=\"views-field views-field-title\">\n Ripple<\/td>\n\t\t\t\t\t\t\t\t\t\t\t\t\t\t\t\t\t<td class=\"views-field views-field-field-symbol-title\">\n XRPUSD<\/td>\n\t\t\t\t\t\t\t\t\t\t\t\t\t\t\t\t\t<td class=\"views-field views-field-field-exchange\">\n N\/A<\/td>\n\t\t\t\t\t\t\t\t\t\t\t\t\t\t\t\t\t<td class=\"views-field views-field-field-product-margin\">\n From 20%<\/td>\n\t\t\t\t\t\t\t\t\t\t\t\t\t\t\t\t\t<td class=\"views-field views-field-field-product-spread\">\n  1.5<\/td>\n\t\t\t\t\t\t\t\t\t\t\t\t\t\t\t\t\t<td class=\"views-field views-field-field-average-spread\">\n  1.5<\/td>\n\t\t\t\t\t\t\t\t\t\t\t\t\t\t\t\t\t<td class=\"views-field views-field-field-typical-spread\">\n  1.5<\/td>\n\t\t\t\t\t\t\t\t\t\t\t\t\t\t\t\t\t<td class=\"views-field views-field-field-trading-hours\">\n 00:01 Monday - 23:58 Friday<\/td>\n\t\t\t\t\t\t\t\t\t\t\t\t\t\t\t\t<\/tr>\n\t\t\t\t\t\t\t\t\t\t\t\t\t\t\t<\/tbody>\n\t\t\t\t\t\t\t\t\t\t\t\t\t\t<\/table>\t\t\t\t<\/div>\n\t\t\t\t<\/div>\n\t\t\t\t<div class=\"elementor-element elementor-element-825df6f elementor-widget elementor-widget-text-editor\" data-id=\"825df6f\" data-element_type=\"widget\" data-e-type=\"widget\" data-widget_type=\"text-editor.default\">\n\t\t\t\t<div class=\"elementor-widget-container\">\n\t\t\t\t\t\t\t\t\t<p>Please note that all our spreads are variable and dependent on the underlying market prices. In normal conditions we can usually offer our \u2018minimum\u2019 spread but these will increase when the underlying market spread widens. Market prices can widen at illiquid times of the day or when major news or economic data is released.  <\/p>\n<p>The \u2018minimum\u2019 spread shows the tightest spread available for any given product. The \u2018average\u2019 and \u2018typical\u2019 spread shows the average (mean) and the most common (mode) respectively in a 24 hour period. These are updated for the last trading day of each month.  <\/p>\n\t\t\t\t\t\t\t\t<\/div>\n\t\t\t\t<\/div>\n\t\t\t\t\t<\/div>\n\t\t\t\t<\/div>\n\t\t\t\t<\/div>\n\t\t","protected":false},"excerpt":{"rendered":"<p>cryptocurrency Les crypto-monnaies sont une valeur marchande r\u00e9cente qui fait preuve de force. Bitcoin est la principale crypto-monnaie qui a cr\u00e9\u00e9 de nombreux millionnaires, et son prix est pass\u00e9 de 1 000 $ \u00e0 un peu moins de 20 000 $ en quelques mois, ce qui en fait un paradis commercial pour de nombreux investisseurs. [&hellip;]<\/p>\n","protected":false},"author":1,"featured_media":0,"parent":0,"menu_order":0,"comment_status":"closed","ping_status":"closed","template":"","meta":{"footnotes":""},"class_list":["post-1556","page","type-page","status-publish","hentry"],"_links":{"self":[{"href":"https:\/\/axfinancials.com\/fr\/wp-json\/wp\/v2\/pages\/1556","targetHints":{"allow":["GET"]}}],"collection":[{"href":"https:\/\/axfinancials.com\/fr\/wp-json\/wp\/v2\/pages"}],"about":[{"href":"https:\/\/axfinancials.com\/fr\/wp-json\/wp\/v2\/types\/page"}],"author":[{"embeddable":true,"href":"https:\/\/axfinancials.com\/fr\/wp-json\/wp\/v2\/users\/1"}],"replies":[{"embeddable":true,"href":"https:\/\/axfinancials.com\/fr\/wp-json\/wp\/v2\/comments?post=1556"}],"version-history":[{"count":1,"href":"https:\/\/axfinancials.com\/fr\/wp-json\/wp\/v2\/pages\/1556\/revisions"}],"predecessor-version":[{"id":1557,"href":"https:\/\/axfinancials.com\/fr\/wp-json\/wp\/v2\/pages\/1556\/revisions\/1557"}],"wp:attachment":[{"href":"https:\/\/axfinancials.com\/fr\/wp-json\/wp\/v2\/media?parent=1556"}],"curies":[{"name":"wp","href":"https:\/\/api.w.org\/{rel}","templated":true}]}}